{"id":194,"date":"2025-09-30T19:41:27","date_gmt":"2025-09-30T19:41:27","guid":{"rendered":"http:\/\/realsuplement.com\/?post_type=product&#038;p=194"},"modified":"2025-12-18T04:10:52","modified_gmt":"2025-12-18T04:10:52","slug":"balsamo-facial-y-corporal-100-natural","status":"publish","type":"product","link":"http:\/\/realsuplement.com\/?product=balsamo-facial-y-corporal-100-natural","title":{"rendered":"B\u00e1lsamo Facial y Corporal 100% Natural"},"content":{"rendered":"<p>Real Skin Care de Real Suplement es el b\u00e1lsamo facial y corporal.<\/p>\n<p>\u2705 Sin qu\u00edmicos y derivados de petr\u00f3leo<\/p>\n<p>\u2705F\u00f3rmula 100% Natural: Ingredientes puros como sebo de res, coco, arg\u00e1n, rosa mosqueta, jazm\u00edn y m\u00e1s.<br \/>\n\u2705 Libre de Qu\u00edmicos Nocivos: Cero derivados de petr\u00f3leo, solo lo bueno para tu piel.<br \/>\n\u2705 Absorci\u00f3n \u00d3ptima: Nutrici\u00f3n que tu piel realmente aprovecha.<br \/>\n\u2705 Cuidado Integral: Perfecto para tu rostro y cuerpo.<\/p>\n<p>Precio especial preventa<\/p>\n","protected":false},"excerpt":{"rendered":"<p>Real Skin Care de Real Suplement es el b\u00e1lsamo facial y corporal. \u2705 Sin qu\u00edmicos y derivados de petr\u00f3leo \u2705F\u00f3rmula 100% Natural: Ingredientes puros como sebo de res, coco, arg\u00e1n, rosa mosqueta, jazm\u00edn y m\u00e1s. \u2705 Libre de Qu\u00edmicos Nocivos: Cero derivados de petr\u00f3leo, solo lo bueno para tu piel. \u2705 Absorci\u00f3n \u00d3ptima: Nutrici\u00f3n que [&hellip;]<\/p>\n","protected":false},"featured_media":230,"comment_status":"open","ping_status":"closed","template":"","meta":[],"product_brand":[],"product_cat":[23,33],"product_tag":[],"class_list":{"0":"post-194","1":"product","2":"type-product","3":"status-publish","4":"has-post-thumbnail","6":"product_cat-cuidado-personal","7":"product_cat-publicar","9":"first","10":"instock","11":"sale","12":"taxable","13":"shipping-taxable","14":"purchasable","15":"product-type-simple"},"_links":{"self":[{"href":"http:\/\/realsuplement.com\/index.php?rest_route=\/wp\/v2\/product\/194","targetHints":{"allow":["GET"]}}],"collection":[{"href":"http:\/\/realsuplement.com\/index.php?rest_route=\/wp\/v2\/product"}],"about":[{"href":"http:\/\/realsuplement.com\/index.php?rest_route=\/wp\/v2\/types\/product"}],"replies":[{"embeddable":true,"href":"http:\/\/realsuplement.com\/index.php?rest_route=%2Fwp%2Fv2%2Fcomments&post=194"}],"wp:featuredmedia":[{"embeddable":true,"href":"http:\/\/realsuplement.com\/index.php?rest_route=\/wp\/v2\/media\/230"}],"wp:attachment":[{"href":"http:\/\/realsuplement.com\/index.php?rest_route=%2Fwp%2Fv2%2Fmedia&parent=194"}],"wp:term":[{"taxonomy":"product_brand","embeddable":true,"href":"http:\/\/realsuplement.com\/index.php?rest_route=%2Fwp%2Fv2%2Fproduct_brand&post=194"},{"taxonomy":"product_cat","embeddable":true,"href":"http:\/\/realsuplement.com\/index.php?rest_route=%2Fwp%2Fv2%2Fproduct_cat&post=194"},{"taxonomy":"product_tag","embeddable":true,"href":"http:\/\/realsuplement.com\/index.php?rest_route=%2Fwp%2Fv2%2Fproduct_tag&post=194"}],"curies":[{"name":"wp","href":"https:\/\/api.w.org\/{rel}","templated":true}]}}