{"id":11,"date":"2025-08-12T15:58:08","date_gmt":"2025-08-12T15:58:08","guid":{"rendered":"https:\/\/realsuplement.com\/index.php\/carrito\/"},"modified":"2025-09-03T19:40:53","modified_gmt":"2025-09-03T19:40:53","slug":"carrito","status":"publish","type":"page","link":"https:\/\/realsuplement.com\/?page_id=11","title":{"rendered":"Carrito"},"content":{"rendered":"\t\t<div data-elementor-type=\"wp-page\" data-elementor-id=\"11\" class=\"elementor elementor-11\" data-elementor-post-type=\"page\">\n\t\t\t\t<header class=\"elementor-element elementor-element-9133a0d e-con-full e-flex e-con e-parent\" data-id=\"9133a0d\" data-element_type=\"container\" data-settings=\"{&quot;background_background&quot;:&quot;classic&quot;}\">\n\t\t<div class=\"elementor-element elementor-element-8692fc4 e-con-full e-flex e-con e-child\" data-id=\"8692fc4\" data-element_type=\"container\">\n\t\t\t\t<div class=\"elementor-element elementor-element-64c93ce elementor-widget elementor-widget-image\" data-id=\"64c93ce\" data-element_type=\"widget\" data-widget_type=\"image.default\">\n\t\t\t\t\t\t\t\t\t\t\t\t\t\t\t\t<a href=\"https:\/\/realsuplement.com\">\n\t\t\t\t\t\t\t<img fetchpriority=\"high\" decoding=\"async\" width=\"1296\" height=\"225\" src=\"https:\/\/realsuplement.com\/wp-content\/uploads\/2025\/08\/LOGO_WEB.png\" class=\"attachment-full size-full wp-image-26\" alt=\"\" srcset=\"https:\/\/realsuplement.com\/wp-content\/uploads\/2025\/08\/LOGO_WEB.png 1296w, https:\/\/realsuplement.com\/wp-content\/uploads\/2025\/08\/LOGO_WEB-300x52.png 300w, https:\/\/realsuplement.com\/wp-content\/uploads\/2025\/08\/LOGO_WEB-1024x178.png 1024w, https:\/\/realsuplement.com\/wp-content\/uploads\/2025\/08\/LOGO_WEB-768x133.png 768w, https:\/\/realsuplement.com\/wp-content\/uploads\/2025\/08\/LOGO_WEB-600x104.png 600w\" sizes=\"(max-width: 1296px) 100vw, 1296px\" \/>\t\t\t\t\t\t\t\t<\/a>\n\t\t\t\t\t\t\t\t\t\t\t\t\t\t\t<\/div>\n\t\t\t\t<\/div>\n\t\t<div class=\"elementor-element elementor-element-e3bdb80 e-con-full e-flex e-con e-child\" data-id=\"e3bdb80\" data-element_type=\"container\">\n\t\t\t\t<div class=\"elementor-element elementor-element-4f014b9 elementor-menu-cart--items-indicator-none toggle-icon--cart-medium elementor-menu-cart--show-subtotal-yes elementor-menu-cart--cart-type-side-cart elementor-menu-cart--show-remove-button-yes elementor-widget elementor-widget-woocommerce-menu-cart\" data-id=\"4f014b9\" data-element_type=\"widget\" data-settings=\"{&quot;cart_type&quot;:&quot;side-cart&quot;,&quot;open_cart&quot;:&quot;click&quot;}\" data-widget_type=\"woocommerce-menu-cart.default\">\n\t\t\t\t\t\t\t<div class=\"elementor-menu-cart__wrapper\">\n\t\t\t\t\t\t\t<div class=\"elementor-menu-cart__toggle_wrapper\">\n\t\t\t\t\t<div class=\"elementor-menu-cart__container elementor-lightbox\" aria-hidden=\"true\">\n\t\t\t\t\t\t<div class=\"elementor-menu-cart__main\" aria-hidden=\"true\">\n\t\t\t\t\t\t\t\t\t<div class=\"elementor-menu-cart__close-button\">\n\t\t\t\t\t<\/div>\n\t\t\t\t\t\t\t\t\t<div class=\"widget_shopping_cart_content\">\n\t\t\t\t\t\t\t\t\t\t\t\t\t\t\t<\/div>\n\t\t\t\t\t\t<\/div>\n\t\t\t\t\t<\/div>\n\t\t\t\t\t\t\t<div class=\"elementor-menu-cart__toggle elementor-button-wrapper\">\n\t\t\t<a id=\"elementor-menu-cart__toggle_button\" href=\"#\" class=\"elementor-menu-cart__toggle_button elementor-button elementor-size-sm\" aria-expanded=\"false\">\n\t\t\t\t<span class=\"elementor-button-text\"><span class=\"woocommerce-Price-amount amount\"><bdi><span class=\"woocommerce-Price-currencySymbol\">&#36;<\/span>&nbsp;0,00<\/bdi><\/span><\/span>\n\t\t\t\t<span class=\"elementor-button-icon\">\n\t\t\t\t\t<span class=\"elementor-button-icon-qty\" data-counter=\"0\">0<\/span>\n\t\t\t\t\t<svg class=\"e-font-icon-svg e-eicon-cart-medium\" viewBox=\"0 0 1000 1000\" xmlns=\"http:\/\/www.w3.org\/2000\/svg\"><path d=\"M740 854C740 883 763 906 792 906S844 883 844 854 820 802 792 802 740 825 740 854ZM217 156H958C977 156 992 173 989 191L957 452C950 509 901 552 843 552H297L303 581C311 625 350 656 395 656H875C892 656 906 670 906 687S892 719 875 719H394C320 719 255 666 241 593L141 94H42C25 94 10 80 10 62S25 31 42 31H167C182 31 195 42 198 56L217 156ZM230 219L284 490H843C869 490 891 470 895 444L923 219H230ZM677 854C677 791 728 740 792 740S906 791 906 854 855 969 792 969 677 918 677 854ZM260 854C260 791 312 740 375 740S490 791 490 854 438 969 375 969 260 918 260 854ZM323 854C323 883 346 906 375 906S427 883 427 854 404 802 375 802 323 825 323 854Z\"><\/path><\/svg>\t\t\t\t\t<span class=\"elementor-screen-only\">Cart<\/span>\n\t\t\t\t<\/span>\n\t\t\t<\/a>\n\t\t<\/div>\n\t\t\t\t\t\t<\/div>\n\t\t\t\t\t<\/div> <!-- close elementor-menu-cart__wrapper -->\n\t\t\t\t\t\t<\/div>\n\t\t\t\t<\/div>\n\t\t\t\t<\/header>\n\t\t<div class=\"elementor-element elementor-element-1be94fee e-flex e-con-boxed e-con e-parent\" data-id=\"1be94fee\" data-element_type=\"container\">\n\t\t\t\t\t<div class=\"e-con-inner\">\n\t\t\t\t<div class=\"elementor-element elementor-element-1a14963 e-cart-layout-two-column elementor-widget elementor-widget-woocommerce-cart\" data-id=\"1a14963\" data-element_type=\"widget\" data-widget_type=\"woocommerce-cart.default\">\n\t\t\t\t<div class=\"elementor-widget-container\">\n\t\t\t\t\t<div class=\"woocommerce\"><div class=\"woocommerce-notices-wrapper\"><\/div><div class=\"wc-empty-cart-message\">\n\t<div class=\"cart-empty woocommerce-info\" role=\"status\">\n\t\tTu carrito est\u00e1 vac\u00edo.\t<\/div>\n<\/div><\/div>\t\t\t\t<\/div>\n\t\t\t\t<\/div>\n\t\t\t\t\t<\/div>\n\t\t\t\t<\/div>\n\t\t\t\t<\/div>\n\t\t","protected":false},"excerpt":{"rendered":"<p>Eliminar art\u00edculo Imagen en miniatura Producto Precio Cantidad Subtotal &times; REAL NATURAL 3 &#36;&nbsp;30.000,00 REAL NATURAL 3 cantidad &#36;&nbsp;120.000,00 &times; REAL NATURAL 2 &#36;&nbsp;30.000,00 REAL NATURAL 2 cantidad &#36;&nbsp;30.000,00 &times; REAL NATURAL &#36;&nbsp;30.000,00 REAL NATURAL cantidad &#36;&nbsp;30.000,00 Actualizar Carrito Aplicar cup\u00f3n Total del carrito Subtotal &#36;&nbsp;180.000,00 Env\u00edo Ingresa tu direcci\u00f3n para conocer los costos de [&hellip;]<\/p>\n","protected":false},"author":1,"featured_media":0,"parent":0,"menu_order":0,"comment_status":"closed","ping_status":"closed","template":"elementor_canvas","meta":{"footnotes":""},"class_list":["post-11","page","type-page","status-publish","hentry"],"_links":{"self":[{"href":"https:\/\/realsuplement.com\/index.php?rest_route=\/wp\/v2\/pages\/11","targetHints":{"allow":["GET"]}}],"collection":[{"href":"https:\/\/realsuplement.com\/index.php?rest_route=\/wp\/v2\/pages"}],"about":[{"href":"https:\/\/realsuplement.com\/index.php?rest_route=\/wp\/v2\/types\/page"}],"author":[{"embeddable":true,"href":"https:\/\/realsuplement.com\/index.php?rest_route=\/wp\/v2\/users\/1"}],"replies":[{"embeddable":true,"href":"https:\/\/realsuplement.com\/index.php?rest_route=%2Fwp%2Fv2%2Fcomments&post=11"}],"version-history":[{"count":16,"href":"https:\/\/realsuplement.com\/index.php?rest_route=\/wp\/v2\/pages\/11\/revisions"}],"predecessor-version":[{"id":177,"href":"https:\/\/realsuplement.com\/index.php?rest_route=\/wp\/v2\/pages\/11\/revisions\/177"}],"wp:attachment":[{"href":"https:\/\/realsuplement.com\/index.php?rest_route=%2Fwp%2Fv2%2Fmedia&parent=11"}],"curies":[{"name":"wp","href":"https:\/\/api.w.org\/{rel}","templated":true}]}}