{"id":268,"date":"2025-10-07T17:59:56","date_gmt":"2025-10-07T17:59:56","guid":{"rendered":"https:\/\/realsuplement.com\/?post_type=product&#038;p=268"},"modified":"2025-10-21T22:05:04","modified_gmt":"2025-10-21T22:05:04","slug":"real-atp-creatine-250g","status":"publish","type":"product","link":"https:\/\/realsuplement.com\/?product=real-atp-creatine-250g","title":{"rendered":"REAL ATP &#8211; CREATINE  250G"},"content":{"rendered":"<p><span style=\"font-weight: 400;\">Potencia tu rendimiento deportivo con la Creatina Monohidrato de REAL atp, un suplemento en polvo de 250 g dise\u00f1ado para atletas y entusiastas del fitness. Este producto, elaborado con creatina 100% pura, es ideal para quienes buscan mejorar su fuerza, resistencia y recuperaci\u00f3n muscular. Su formato en polvo permite una f\u00e1cil mezcla en tus batidos o bebidas favoritas, sin alterar el sabor.<\/span><\/p>\n<p>&nbsp;<\/p>\n<p><span style=\"font-weight: 400;\">Cada bolsa contiene 50 porciones de 5 g, lo que te proporciona una dosis \u00f3ptima para maximizar tus entrenamientos. La creatina es un componente esencial para aumentar la energ\u00eda durante ejercicios de alta intensidad, ayudando a alcanzar tus objetivos de manera m\u00e1s efectiva. Adem\u00e1s, este suplemento es libre de gluten, lo que lo convierte en una opci\u00f3n segura para una amplia variedad de dietas.<\/span><\/p>\n<p>&nbsp;<\/p>\n<p><span style=\"font-weight: 400;\">Recomendado para todas las edades seg\u00fan los \u00faltimos estudios cient\u00edficos, la Creatina Monohidrato\u00a0 de Real Suplement es una elecci\u00f3n confiable para quienes buscan un impulso en su rendimiento f\u00edsico. Incorpora este suplemento en tu rutina diaria y experimenta la diferencia en tus entrenamientos. Con REAL atp, cada sesi\u00f3n se convierte en una oportunidad para superar tus l\u00edmites.<\/span><\/p>\n<p>&nbsp;<\/p>\n<p><span style=\"font-weight: 400;\">REAL atp CREATINE X 250 GR &#8211; 50 SERVICIOS<\/span><\/p>\n<p><span style=\"font-weight: 400;\">Suplemento aminoacido\u00a0<\/span><\/p>\n<p><span style=\"font-weight: 400;\">REAL atp Creatine favorece:<\/span><\/p>\n<p>&nbsp;<\/p>\n<p><span style=\"font-weight: 400;\">&gt; Rendimiento f\u00edsico<\/span><\/p>\n<p><span style=\"font-weight: 400;\">&gt; Desarrollo muscular<\/span><\/p>\n<p><span style=\"font-weight: 400;\">&gt; Fuerza<\/span><\/p>\n<p><span style=\"font-weight: 400;\">&gt; Disminuci\u00f3n de grasas<\/span><\/p>\n<p><span style=\"font-weight: 400;\">&gt; Aumento de la capacidad cognitiva<\/span><\/p>\n<p><span style=\"font-weight: 400;\">&gt; Prevenci\u00f3n de lesiones<\/span><\/p>\n<p><span style=\"font-weight: 400;\">&gt; Recuperaci\u00f3n<\/span><\/p>\n<p>&nbsp;<\/p>\n<p><span style=\"font-weight: 400;\">-MODO DE USO-<\/span><\/p>\n<p><span style=\"font-weight: 400;\">Consumir despu\u00e9s del entrenamiento o en cualquier momento del d\u00eda.<\/span><\/p>\n<p><span style=\"font-weight: 400;\">Mezcle 1 scoop de 5 grs de Creatina REAL atp en agua o su bebida preferida.<\/span><\/p>\n<p>&nbsp;<\/p>\n<p><span style=\"font-weight: 400;\">*Este producto es un suplemento dietario, no es un medicamento. Suplementa dietas insuficientes. Consulte a su m\u00e9dico y\/o farmac\u00e9utico.<\/span><\/p>\n<p>&nbsp;<\/p>\n<p><span style=\"font-weight: 400;\">Aviso legal<\/span><\/p>\n<ul>\n<li><span style=\"font-weight: 400;\"> Este producto es un suplemento dietario, no es un medicamento. Suplementa dietas insuficientes. Consulte a su m\u00e9dico y\/o farmac\u00e9utico.<\/span><\/li>\n<\/ul>\n","protected":false},"excerpt":{"rendered":"<p>Potencia tu rendimiento deportivo con la Creatina Monohidrato de REAL atp, un suplemento en polvo de 250 g dise\u00f1ado para atletas y entusiastas del fitness. Este producto, elaborado con creatina 100% pura, es ideal para quienes buscan mejorar su fuerza, resistencia y recuperaci\u00f3n muscular. Su formato en polvo permite una f\u00e1cil mezcla en tus batidos [&hellip;]<\/p>\n","protected":false},"featured_media":265,"comment_status":"open","ping_status":"closed","template":"","meta":[],"product_brand":[],"product_cat":[30,33],"product_tag":[26],"class_list":{"0":"post-268","1":"product","2":"type-product","3":"status-publish","4":"has-post-thumbnail","6":"product_cat-creatina","7":"product_cat-publicar","8":"product_tag-creatina","10":"first","11":"instock","12":"taxable","13":"shipping-taxable","14":"purchasable","15":"product-type-simple"},"_links":{"self":[{"href":"https:\/\/realsuplement.com\/index.php?rest_route=\/wp\/v2\/product\/268","targetHints":{"allow":["GET"]}}],"collection":[{"href":"https:\/\/realsuplement.com\/index.php?rest_route=\/wp\/v2\/product"}],"about":[{"href":"https:\/\/realsuplement.com\/index.php?rest_route=\/wp\/v2\/types\/product"}],"replies":[{"embeddable":true,"href":"https:\/\/realsuplement.com\/index.php?rest_route=%2Fwp%2Fv2%2Fcomments&post=268"}],"wp:featuredmedia":[{"embeddable":true,"href":"https:\/\/realsuplement.com\/index.php?rest_route=\/wp\/v2\/media\/265"}],"wp:attachment":[{"href":"https:\/\/realsuplement.com\/index.php?rest_route=%2Fwp%2Fv2%2Fmedia&parent=268"}],"wp:term":[{"taxonomy":"product_brand","embeddable":true,"href":"https:\/\/realsuplement.com\/index.php?rest_route=%2Fwp%2Fv2%2Fproduct_brand&post=268"},{"taxonomy":"product_cat","embeddable":true,"href":"https:\/\/realsuplement.com\/index.php?rest_route=%2Fwp%2Fv2%2Fproduct_cat&post=268"},{"taxonomy":"product_tag","embeddable":true,"href":"https:\/\/realsuplement.com\/index.php?rest_route=%2Fwp%2Fv2%2Fproduct_tag&post=268"}],"curies":[{"name":"wp","href":"https:\/\/api.w.org\/{rel}","templated":true}]}}