{"id":269,"date":"2025-10-07T18:51:38","date_gmt":"2025-10-07T18:51:38","guid":{"rendered":"https:\/\/realsuplement.com\/?post_type=product&#038;p=269"},"modified":"2025-10-21T22:05:15","modified_gmt":"2025-10-21T22:05:15","slug":"real-tri-magnesio-100-gr","status":"publish","type":"product","link":"https:\/\/realsuplement.com\/?product=real-tri-magnesio-100-gr","title":{"rendered":"REAL TRI MAGNESIO- 100 GR"},"content":{"rendered":"<p><span style=\"font-weight: 400;\">Tomar una combinaci\u00f3n de diferentes tipos de magnesio junto con potasio ofrece\u00a0<\/span><\/p>\n<p><span style=\"font-weight: 400;\">beneficios m\u00e1s amplios que tomar un solo tipo, ya que cada forma de magnesio\u00a0<\/span><\/p>\n<p><span style=\"font-weight: 400;\">tiene propiedades y efectos espec\u00edficos en el cuerpo. El potasio, por su parte,\u00a0<\/span><\/p>\n<p><span style=\"font-weight: 400;\">complementa al magnesio para potenciar sus efectos en la salud cardiovascular y\u00a0<\/span><\/p>\n<p><span style=\"font-weight: 400;\">muscular.<\/span><\/p>\n<p><span style=\"font-weight: 400;\">Beneficios de la combinaci\u00f3n de magnesio y potasio:<\/span><\/p>\n<ul>\n<li><span style=\"font-weight: 400;\"> Magnesio y potasio: La combinaci\u00f3n de estos dos minerales ayuda a\u00a0<\/span><\/li>\n<\/ul>\n<p><span style=\"font-weight: 400;\">regular la presi\u00f3n arterial y mejora la salud del coraz\u00f3n. Ambos son\u00a0<\/span><\/p>\n<p><span style=\"font-weight: 400;\">electrolitos que contribuyen a la funci\u00f3n de los nervios, la contracci\u00f3n\u00a0<\/span><\/p>\n<p><span style=\"font-weight: 400;\">muscular y el equilibrio de l\u00edquidos.<\/span><\/p>\n<p><span style=\"font-weight: 400;\">Propiedades de cada tipo de magnesio:<\/span><\/p>\n<ul>\n<li><span style=\"font-weight: 400;\"> Citrato de magnesio: Esta forma de magnesio tiene una alta\u00a0<\/span><\/li>\n<\/ul>\n<p><span style=\"font-weight: 400;\">biodisponibilidad y se absorbe f\u00e1cilmente en el cuerpo. Es conocido\u00a0<\/span><\/p>\n<p><span style=\"font-weight: 400;\">por sus efectos laxantes suaves y se utiliza com\u00fanmente para mejorar\u00a0<\/span><\/p>\n<p><span style=\"font-weight: 400;\">la salud intestinal y combatir el estre\u00f1imiento. Tambi\u00e9n puede ser\u00a0<\/span><\/p>\n<p><span style=\"font-weight: 400;\">beneficioso para la salud \u00f3sea y el estado de \u00e1nimo.<\/span><\/p>\n<ul>\n<li><span style=\"font-weight: 400;\"> Treonato de magnesio: Esta forma es valorada por su capacidad para\u00a0<\/span><\/li>\n<\/ul>\n<p><span style=\"font-weight: 400;\">cruzar la barrera hematoencef\u00e1lica, lo que permite que el magnesio\u00a0<\/span><\/p>\n<p><span style=\"font-weight: 400;\">act\u00fae directamente en el cerebro. Se asocia con mejoras en la salud\u00a0<\/span><\/p>\n<p><span style=\"font-weight: 400;\">cognitiva, la memoria, el aprendizaje y la calidad del sue\u00f1o profundo.<\/span><\/p>\n<ul>\n<li><span style=\"font-weight: 400;\"> Bisglicinato de magnesio: El bisglicinato se caracteriza por su alta\u00a0<\/span><\/li>\n<\/ul>\n<p><span style=\"font-weight: 400;\">absorci\u00f3n y es ideal para quienes buscan beneficios relacionados con\u00a0<\/span><\/p>\n<p><span style=\"font-weight: 400;\">la relajaci\u00f3n y la reducci\u00f3n del estr\u00e9s y la ansiedad. Se recomienda\u00a0<\/span><\/p>\n<p><span style=\"font-weight: 400;\">para mejorar la calidad del sue\u00f1o, ya que puede tener efectos\u00a0<\/span><\/p>\n<p><span style=\"font-weight: 400;\">calmantes en el sistema nervioso. Adem\u00e1s, puede ayudar a regular la\u00a0<\/span><\/p>\n<p><span style=\"font-weight: 400;\">presi\u00f3n arterial<\/span><\/p>\n","protected":false},"excerpt":{"rendered":"<p>Tomar una combinaci\u00f3n de diferentes tipos de magnesio junto con potasio ofrece\u00a0 beneficios m\u00e1s amplios que tomar un solo tipo, ya que cada forma de magnesio\u00a0 tiene propiedades y efectos espec\u00edficos en el cuerpo. El potasio, por su parte,\u00a0 complementa al magnesio para potenciar sus efectos en la salud cardiovascular y\u00a0 muscular. Beneficios de la [&hellip;]<\/p>\n","protected":false},"featured_media":264,"comment_status":"open","ping_status":"closed","template":"","meta":[],"product_brand":[],"product_cat":[27,33],"product_tag":[31],"class_list":{"0":"post-269","1":"product","2":"type-product","3":"status-publish","4":"has-post-thumbnail","6":"product_cat-magnesio","7":"product_cat-publicar","8":"product_tag-magnesio","10":"first","11":"instock","12":"taxable","13":"shipping-taxable","14":"purchasable","15":"product-type-simple"},"_links":{"self":[{"href":"https:\/\/realsuplement.com\/index.php?rest_route=\/wp\/v2\/product\/269","targetHints":{"allow":["GET"]}}],"collection":[{"href":"https:\/\/realsuplement.com\/index.php?rest_route=\/wp\/v2\/product"}],"about":[{"href":"https:\/\/realsuplement.com\/index.php?rest_route=\/wp\/v2\/types\/product"}],"replies":[{"embeddable":true,"href":"https:\/\/realsuplement.com\/index.php?rest_route=%2Fwp%2Fv2%2Fcomments&post=269"}],"wp:featuredmedia":[{"embeddable":true,"href":"https:\/\/realsuplement.com\/index.php?rest_route=\/wp\/v2\/media\/264"}],"wp:attachment":[{"href":"https:\/\/realsuplement.com\/index.php?rest_route=%2Fwp%2Fv2%2Fmedia&parent=269"}],"wp:term":[{"taxonomy":"product_brand","embeddable":true,"href":"https:\/\/realsuplement.com\/index.php?rest_route=%2Fwp%2Fv2%2Fproduct_brand&post=269"},{"taxonomy":"product_cat","embeddable":true,"href":"https:\/\/realsuplement.com\/index.php?rest_route=%2Fwp%2Fv2%2Fproduct_cat&post=269"},{"taxonomy":"product_tag","embeddable":true,"href":"https:\/\/realsuplement.com\/index.php?rest_route=%2Fwp%2Fv2%2Fproduct_tag&post=269"}],"curies":[{"name":"wp","href":"https:\/\/api.w.org\/{rel}","templated":true}]}}